{"id":2,"date":"2020-04-05T14:17:15","date_gmt":"2020-04-05T12:17:15","guid":{"rendered":"http:\/\/battini.bzh\/?page_id=2"},"modified":"2022-03-16T17:17:30","modified_gmt":"2022-03-16T16:17:30","slug":"page-d-exemple","status":"publish","type":"page","link":"https:\/\/battini.bzh\/","title":{"rendered":"Bienvenue sur le site de Akarenn"},"content":{"rendered":"\n<p><strong><mark>Akarenn<\/mark><\/strong>, une future entreprise<br>Conseil, formation, enseignement.<br>Pour les ing\u00e9nieur, par un ing\u00e9nieur.<br><strong>Cybers\u00e9curit\u00e9<br>D\u00e9veloppement logiciel<\/strong><br><strong>Management Produits &amp; Projets<\/strong><\/p>\n\n\n\n<p><\/p>\n\n\n<p>Le blog <a href=\"http:\/\/battini.bzh\/index.php\/cybersecurite\/\">cybers\u00e9curit\u00e9 <\/a>de Fabien.<\/p>\n<p>Des cochons d&rsquo;inde sur la premi\u00e8re page? <br>Pour nous rappeler dans quel monde nous vivons, et l&rsquo;importance de la s\u00e9curit\u00e9, en particulier cyber.<\/p>\n\n\n<figure class=\"wp-block-image\"><img loading=\"lazy\" width=\"1024\" height=\"576\" src=\"http:\/\/battini.bzh\/wp-content\/uploads\/2020\/04\/DSC_15911-1024x576.jpg\" alt=\"\" class=\"wp-image-6\" srcset=\"https:\/\/battini.bzh\/wp-content\/uploads\/2020\/04\/DSC_15911-1024x576.jpg 1024w, https:\/\/battini.bzh\/wp-content\/uploads\/2020\/04\/DSC_15911-300x169.jpg 300w, https:\/\/battini.bzh\/wp-content\/uploads\/2020\/04\/DSC_15911-768x432.jpg 768w, https:\/\/battini.bzh\/wp-content\/uploads\/2020\/04\/DSC_15911-1568x883.jpg 1568w\" sizes=\"(max-width: 1024px) 100vw, 1024px\" \/><\/figure>\n","protected":false},"excerpt":{"rendered":"<p>Akarenn, une future entrepriseConseil, formation, enseignement.Pour les ing\u00e9nieur, par un ing\u00e9nieur.Cybers\u00e9curit\u00e9D\u00e9veloppement logicielManagement Produits &amp; Projets Le blog cybers\u00e9curit\u00e9 de Fabien. Des cochons d&rsquo;inde sur la premi\u00e8re page? Pour nous rappeler dans quel monde nous vivons, et l&rsquo;importance de la s\u00e9curit\u00e9, en particulier cyber.<\/p>\n","protected":false},"author":1,"featured_media":0,"parent":0,"menu_order":0,"comment_status":"closed","ping_status":"open","template":"","meta":[],"_links":{"self":[{"href":"https:\/\/battini.bzh\/index.php\/wp-json\/wp\/v2\/pages\/2"}],"collection":[{"href":"https:\/\/battini.bzh\/index.php\/wp-json\/wp\/v2\/pages"}],"about":[{"href":"https:\/\/battini.bzh\/index.php\/wp-json\/wp\/v2\/types\/page"}],"author":[{"embeddable":true,"href":"https:\/\/battini.bzh\/index.php\/wp-json\/wp\/v2\/users\/1"}],"replies":[{"embeddable":true,"href":"https:\/\/battini.bzh\/index.php\/wp-json\/wp\/v2\/comments?post=2"}],"version-history":[{"count":7,"href":"https:\/\/battini.bzh\/index.php\/wp-json\/wp\/v2\/pages\/2\/revisions"}],"predecessor-version":[{"id":444,"href":"https:\/\/battini.bzh\/index.php\/wp-json\/wp\/v2\/pages\/2\/revisions\/444"}],"wp:attachment":[{"href":"https:\/\/battini.bzh\/index.php\/wp-json\/wp\/v2\/media?parent=2"}],"curies":[{"name":"wp","href":"https:\/\/api.w.org\/{rel}","templated":true}]}}